{"id":2005,"date":"2020-12-14T01:04:14","date_gmt":"2020-12-14T04:04:14","guid":{"rendered":"https:\/\/oberro.unicap.br\/edicoes\/2020_2\/?page_id=2005"},"modified":"2020-12-14T20:35:23","modified_gmt":"2020-12-14T23:35:23","slug":"berro-podcast","status":"publish","type":"page","link":"https:\/\/oberro.unicap.br\/edicoes\/2020_2\/berro-podcast\/","title":{"rendered":"Berro Podcast"},"content":{"rendered":"<p>Aqui voc\u00ea vai encontrar uma s\u00e9rie de podcasts sobre temas envolventes e impactantes na vida dos adolescentes. Um espa\u00e7o para muita conversa e aprendizados:<\/p>\n<p><iframe loading=\"lazy\" title=\"O universo dos E-Sports com Victor Peixoto e Marcos Andr\u00e9 by O Berro Podcast\" width=\"1320\" height=\"400\" scrolling=\"no\" frameborder=\"no\" src=\"https:\/\/w.soundcloud.com\/player\/?visual=true&#038;url=https%3A%2F%2Fapi.soundcloud.com%2Ftracks%2F939029605&#038;show_artwork=true&#038;maxwidth=1320&#038;maxheight=1000&#038;dnt=1\"><\/iframe><\/p>\n<p>Para completar seu conhecimento d\u00e1 uma olhadinha nessa linha do tempo sobre toda a gera\u00e7\u00e3o de videogames at\u00e9 o mais atual:<\/p>\n<p><iframe loading=\"lazy\" src=\"https:\/\/cdn.knightlab.com\/libs\/timeline3\/latest\/embed\/index.html?source=1WbHSV4coS4P10ee8aZ9nX3IDITVp8RxMRLON4hfHB2M&amp;font=Default&amp;lang=pt-br&amp;initial_zoom=2&amp;height=650\" width=\"100%\" height=\"650\"><\/iframe><\/p>\n<p><iframe loading=\"lazy\" title=\"Pol\u00edtica \u00e9 para jovens? Com Jo\u00e3o Pedro Campos, Maria Teresa Mello e Pedro Jovilliano by O Berro Podcast\" width=\"1320\" height=\"400\" scrolling=\"no\" frameborder=\"no\" src=\"https:\/\/w.soundcloud.com\/player\/?visual=true&#038;url=https%3A%2F%2Fapi.soundcloud.com%2Ftracks%2F939087367&#038;show_artwork=true&#038;maxwidth=1320&#038;maxheight=1000&#038;dnt=1\"><\/iframe><\/p>\n<p>Ficou animado para saber mais sobre pol\u00edtica? Se liga nessas indica\u00e7\u00f5es que separamos para voc\u00eas de v\u00e1rios conte\u00fados diferentes na internet para voc\u00ea ficar atualizado nesse tema:<br \/>\n<iframe loading=\"lazy\" title=\"Autoestima na adolesc\u00eancia com D\u00e9bora Mello  e Camilly Pantale\u00e3o by O Berro Podcast\" width=\"1320\" height=\"400\" scrolling=\"no\" frameborder=\"no\" src=\"https:\/\/w.soundcloud.com\/player\/?visual=true&#038;url=https%3A%2F%2Fapi.soundcloud.com%2Ftracks%2F947044921&#038;show_artwork=true&#038;maxwidth=1320&#038;maxheight=1000&#038;dnt=1\"><\/iframe><\/p>\n<p>&nbsp;<\/p>\n<p><iframe loading=\"lazy\" width=\"100%\" height=\"720\" data-original-width=\"1024\" data-original-height=\"768\" src=\"https:\/\/www.thinglink.com\/card\/1390415219603275778\" type=\"text\/html\" frameborder=\"0\" webkitallowfullscreen mozallowfullscreen allowfullscreen scrolling=\"no\"><\/iframe><script async src=\"\/\/cdn.thinglink.me\/jse\/responsive.js\"&gt;&lt;\/script><\/p>\n","protected":false},"excerpt":{"rendered":"<p>Aqui voc\u00ea vai encontrar uma s\u00e9rie de podcasts sobre temas envolventes e impactantes na vida dos adolescentes. Um espa\u00e7o para muita conversa e aprendizados: Para completar seu conhecimento d\u00e1 uma olhadinha nessa linha do tempo sobre toda a gera\u00e7\u00e3o de videogames at\u00e9 o mais atual: Ficou animado para saber mais sobre pol\u00edtica? Se liga nessas [&hellip;]<\/p>\n","protected":false},"author":3,"featured_media":0,"parent":0,"menu_order":0,"comment_status":"closed","ping_status":"closed","template":"","meta":[],"yoast_head":"<!-- This site is optimized with the Yoast SEO plugin v18.5.1 - https:\/\/yoast.com\/wordpress\/plugins\/seo\/ -->\n<title>Berro Podcast - O Berro<\/title>\n<meta name=\"robots\" content=\"noindex, follow, max-snippet:-1, max-image-preview:large, max-video-preview:-1\" \/>\n<meta property=\"og:locale\" content=\"pt_BR\" \/>\n<meta property=\"og:type\" content=\"article\" \/>\n<meta property=\"og:title\" content=\"Berro Podcast - O Berro\" \/>\n<meta property=\"og:description\" content=\"Aqui voc\u00ea vai encontrar uma s\u00e9rie de podcasts sobre temas envolventes e impactantes na vida dos adolescentes. Um espa\u00e7o para muita conversa e aprendizados: Para completar seu conhecimento d\u00e1 uma olhadinha nessa linha do tempo sobre toda a gera\u00e7\u00e3o de videogames at\u00e9 o mais atual: Ficou animado para saber mais sobre pol\u00edtica? Se liga nessas [&hellip;]\" \/>\n<meta property=\"og:url\" content=\"https:\/\/oberro.unicap.br\/edicoes\/2020_2\/berro-podcast\/\" \/>\n<meta property=\"og:site_name\" content=\"O Berro\" \/>\n<meta property=\"article:modified_time\" content=\"2020-12-14T23:35:23+00:00\" \/>\n<meta name=\"twitter:card\" content=\"summary_large_image\" \/>\n<script type=\"application\/ld+json\" class=\"yoast-schema-graph\">{\"@context\":\"https:\/\/schema.org\",\"@graph\":[{\"@type\":\"WebSite\",\"@id\":\"https:\/\/oberro.unicap.br\/edicoes\/2020_2\/#website\",\"url\":\"https:\/\/oberro.unicap.br\/edicoes\/2020_2\/\",\"name\":\"O Berro\",\"description\":\"Edi\u00e7\u00e3o 2020.2\",\"potentialAction\":[{\"@type\":\"SearchAction\",\"target\":{\"@type\":\"EntryPoint\",\"urlTemplate\":\"https:\/\/oberro.unicap.br\/edicoes\/2020_2\/?s={search_term_string}\"},\"query-input\":\"required name=search_term_string\"}],\"inLanguage\":\"pt-BR\"},{\"@type\":\"WebPage\",\"@id\":\"https:\/\/oberro.unicap.br\/edicoes\/2020_2\/berro-podcast\/#webpage\",\"url\":\"https:\/\/oberro.unicap.br\/edicoes\/2020_2\/berro-podcast\/\",\"name\":\"Berro Podcast - O Berro\",\"isPartOf\":{\"@id\":\"https:\/\/oberro.unicap.br\/edicoes\/2020_2\/#website\"},\"datePublished\":\"2020-12-14T04:04:14+00:00\",\"dateModified\":\"2020-12-14T23:35:23+00:00\",\"breadcrumb\":{\"@id\":\"https:\/\/oberro.unicap.br\/edicoes\/2020_2\/berro-podcast\/#breadcrumb\"},\"inLanguage\":\"pt-BR\",\"potentialAction\":[{\"@type\":\"ReadAction\",\"target\":[\"https:\/\/oberro.unicap.br\/edicoes\/2020_2\/berro-podcast\/\"]}]},{\"@type\":\"BreadcrumbList\",\"@id\":\"https:\/\/oberro.unicap.br\/edicoes\/2020_2\/berro-podcast\/#breadcrumb\",\"itemListElement\":[{\"@type\":\"ListItem\",\"position\":1,\"name\":\"In\u00edcio\",\"item\":\"https:\/\/oberro.unicap.br\/edicoes\/2020_2\/\"},{\"@type\":\"ListItem\",\"position\":2,\"name\":\"Berro Podcast\"}]}]}<\/script>\n<!-- \/ Yoast SEO plugin. -->","yoast_head_json":{"title":"Berro Podcast - O Berro","robots":{"index":"noindex","follow":"follow","max-snippet":"max-snippet:-1","max-image-preview":"max-image-preview:large","max-video-preview":"max-video-preview:-1"},"og_locale":"pt_BR","og_type":"article","og_title":"Berro Podcast - O Berro","og_description":"Aqui voc\u00ea vai encontrar uma s\u00e9rie de podcasts sobre temas envolventes e impactantes na vida dos adolescentes. Um espa\u00e7o para muita conversa e aprendizados: Para completar seu conhecimento d\u00e1 uma olhadinha nessa linha do tempo sobre toda a gera\u00e7\u00e3o de videogames at\u00e9 o mais atual: Ficou animado para saber mais sobre pol\u00edtica? Se liga nessas [&hellip;]","og_url":"https:\/\/oberro.unicap.br\/edicoes\/2020_2\/berro-podcast\/","og_site_name":"O Berro","article_modified_time":"2020-12-14T23:35:23+00:00","twitter_card":"summary_large_image","schema":{"@context":"https:\/\/schema.org","@graph":[{"@type":"WebSite","@id":"https:\/\/oberro.unicap.br\/edicoes\/2020_2\/#website","url":"https:\/\/oberro.unicap.br\/edicoes\/2020_2\/","name":"O Berro","description":"Edi\u00e7\u00e3o 2020.2","potentialAction":[{"@type":"SearchAction","target":{"@type":"EntryPoint","urlTemplate":"https:\/\/oberro.unicap.br\/edicoes\/2020_2\/?s={search_term_string}"},"query-input":"required name=search_term_string"}],"inLanguage":"pt-BR"},{"@type":"WebPage","@id":"https:\/\/oberro.unicap.br\/edicoes\/2020_2\/berro-podcast\/#webpage","url":"https:\/\/oberro.unicap.br\/edicoes\/2020_2\/berro-podcast\/","name":"Berro Podcast - O Berro","isPartOf":{"@id":"https:\/\/oberro.unicap.br\/edicoes\/2020_2\/#website"},"datePublished":"2020-12-14T04:04:14+00:00","dateModified":"2020-12-14T23:35:23+00:00","breadcrumb":{"@id":"https:\/\/oberro.unicap.br\/edicoes\/2020_2\/berro-podcast\/#breadcrumb"},"inLanguage":"pt-BR","potentialAction":[{"@type":"ReadAction","target":["https:\/\/oberro.unicap.br\/edicoes\/2020_2\/berro-podcast\/"]}]},{"@type":"BreadcrumbList","@id":"https:\/\/oberro.unicap.br\/edicoes\/2020_2\/berro-podcast\/#breadcrumb","itemListElement":[{"@type":"ListItem","position":1,"name":"In\u00edcio","item":"https:\/\/oberro.unicap.br\/edicoes\/2020_2\/"},{"@type":"ListItem","position":2,"name":"Berro Podcast"}]}]}},"_links":{"self":[{"href":"https:\/\/oberro.unicap.br\/edicoes\/2020_2\/wp-json\/wp\/v2\/pages\/2005"}],"collection":[{"href":"https:\/\/oberro.unicap.br\/edicoes\/2020_2\/wp-json\/wp\/v2\/pages"}],"about":[{"href":"https:\/\/oberro.unicap.br\/edicoes\/2020_2\/wp-json\/wp\/v2\/types\/page"}],"author":[{"embeddable":true,"href":"https:\/\/oberro.unicap.br\/edicoes\/2020_2\/wp-json\/wp\/v2\/users\/3"}],"replies":[{"embeddable":true,"href":"https:\/\/oberro.unicap.br\/edicoes\/2020_2\/wp-json\/wp\/v2\/comments?post=2005"}],"version-history":[{"count":5,"href":"https:\/\/oberro.unicap.br\/edicoes\/2020_2\/wp-json\/wp\/v2\/pages\/2005\/revisions"}],"predecessor-version":[{"id":2088,"href":"https:\/\/oberro.unicap.br\/edicoes\/2020_2\/wp-json\/wp\/v2\/pages\/2005\/revisions\/2088"}],"wp:attachment":[{"href":"https:\/\/oberro.unicap.br\/edicoes\/2020_2\/wp-json\/wp\/v2\/media?parent=2005"}],"curies":[{"name":"wp","href":"https:\/\/api.w.org\/{rel}","templated":true}]}}