{"id":294,"date":"2014-10-26T13:11:14","date_gmt":"2014-10-26T16:11:14","guid":{"rendered":"http:\/\/demo.mekshq.com\/voice\/?page_id=294"},"modified":"2020-12-15T10:54:11","modified_gmt":"2020-12-15T13:54:11","slug":"sobre","status":"publish","type":"page","link":"https:\/\/oberro.unicap.br\/edicoes\/2020_2\/sobre\/","title":{"rendered":"Sobre"},"content":{"rendered":"<p>Ol\u00e1, meu nome \u00e9 Carol Monteiro, sou jornalista e professora da disciplina de Reda\u00e7\u00e3o Multim\u00eddia, que originou esta revista. Tenho 21 anos de formada em jornalismo. Talvez tenha mais tempo de profiss\u00e3o do que alguns desses meninos e meninas que escreveram os textos e editaram esta revista t\u00eam de vida. Isso faz de mim algu\u00e9m na posi\u00e7\u00e3o de quem tem muita experi\u00eancia para passar, muita seguran\u00e7a sobre o jornalismo, seus m\u00e9todos e pr\u00e1ticas, claro, mas me traz tamb\u00e9m muitos desafios sobre como falar com e para duas gera\u00e7\u00f5es que vieram depois da minha: os Millenials e a Gera\u00e7\u00e3o Z. \u00c9 sobre essas gera\u00e7\u00f5es que recai o peso de \u201csalvar a humanidade\u201d que, neste momento hist\u00f3rico, tem boa parte das pessoas em casa cumprindo o isolamento social necess\u00e1rio para conter o cont\u00e1gio pelo novo coronav\u00edrus, respons\u00e1vel pela morte de mais de 1,6 milh\u00e3o de pessoas em todo o mundo. A maior crise sanit\u00e1ria da nossa hist\u00f3ria recente tem nos dado muitas li\u00e7\u00f5es sobre a forma como vivemos at\u00e9 aqui. Nossas escolhas, nosso comportamento, nossa forma de viver, de consumir, de acumular mais do que precisamos est\u00e3o em xeque. Nossa forma de (n\u00e3o) lidar com as desigualdades, de classe, de g\u00eanero e ra\u00e7a, s\u00f3 pra citar as mais urgentes, torna o desafio de enfrentar esta pandemia ainda mais dif\u00edcil. Esta edi\u00e7\u00e3o do Berro fala sobre isso. Sobre quest\u00f5es urgentes e sobre tentar reparar os erros cometidos no passado, que persistem no presente e amea\u00e7am nosso futuro. E n\u00e3o foi constru\u00edda s\u00f3 por mim e pela turma de Reda\u00e7\u00e3o Multim\u00eddia de 2020. Para pensar as pautas, a linguagem e o formato, ouvimos muita gente. Usamos o Design Thinking para tentar entender os jovens, para quem esta revista se dirige. Pesquisamos outros produtos \u2013 jornal\u00edsticos ou n\u00e3o \u2013 que conversam com este p\u00fablico, fizemos entrevistas e buscamos dados sobre o que conversam e querem saber os jovens no Brasil e no mundo. O resultado s\u00e3o essas p\u00e1ginas e um site, onde tem muito mais conte\u00fado e recursos multim\u00eddia para essas mat\u00e9rias, que espero que gostem e fa\u00e7am refletir sobre como todos e cada um de n\u00f3s podemos ser parte da mudan\u00e7a que o mundo precisa. Boa leitura!<\/p>\n<h3 style=\"text-align: left;\">Editoras<\/h3>\n<figure id=\"attachment_1982\" aria-describedby=\"caption-attachment-1982\" style=\"width: 150px\" class=\"wp-caption alignleft\"><img loading=\"lazy\" class=\"wp-image-1982 size-thumbnail\" src=\"https:\/\/oberro.unicap.br\/edicoes\/2020_2\/wp-content\/uploads\/2020\/12\/WhatsApp-Image-2020-11-04-at-20.43.43-1-150x150.jpeg\" alt=\"\" width=\"150\" height=\"150\" srcset=\"https:\/\/oberro.unicap.br\/edicoes\/2020_2\/wp-content\/uploads\/2020\/12\/WhatsApp-Image-2020-11-04-at-20.43.43-1-150x150.jpeg 150w, https:\/\/oberro.unicap.br\/edicoes\/2020_2\/wp-content\/uploads\/2020\/12\/WhatsApp-Image-2020-11-04-at-20.43.43-1-65x65.jpeg 65w\" sizes=\"(max-width: 150px) 100vw, 150px\" \/><figcaption id=\"caption-attachment-1982\" class=\"wp-caption-text\">Ana Carolina Nunes<\/figcaption><\/figure>\n<figure id=\"attachment_1984\" aria-describedby=\"caption-attachment-1984\" style=\"width: 150px\" class=\"wp-caption alignleft\"><img loading=\"lazy\" class=\"wp-image-1984 size-thumbnail\" src=\"https:\/\/oberro.unicap.br\/edicoes\/2020_2\/wp-content\/uploads\/2020\/12\/WhatsApp-Image-2020-12-12-at-13.47.19-150x150.jpeg\" alt=\"\" width=\"150\" height=\"150\" srcset=\"https:\/\/oberro.unicap.br\/edicoes\/2020_2\/wp-content\/uploads\/2020\/12\/WhatsApp-Image-2020-12-12-at-13.47.19-150x150.jpeg 150w, https:\/\/oberro.unicap.br\/edicoes\/2020_2\/wp-content\/uploads\/2020\/12\/WhatsApp-Image-2020-12-12-at-13.47.19-65x65.jpeg 65w\" sizes=\"(max-width: 150px) 100vw, 150px\" \/><figcaption id=\"caption-attachment-1984\" class=\"wp-caption-text\">Eduarda Fran\u00e7a<\/figcaption><\/figure>\n<figure id=\"attachment_1983\" aria-describedby=\"caption-attachment-1983\" style=\"width: 150px\" class=\"wp-caption alignleft\"><img loading=\"lazy\" class=\"wp-image-1983 size-thumbnail\" src=\"https:\/\/oberro.unicap.br\/edicoes\/2020_2\/wp-content\/uploads\/2020\/12\/WhatsApp-Image-2020-12-12-at-13.47.20-150x150.jpeg\" alt=\"\" width=\"150\" height=\"150\" srcset=\"https:\/\/oberro.unicap.br\/edicoes\/2020_2\/wp-content\/uploads\/2020\/12\/WhatsApp-Image-2020-12-12-at-13.47.20-150x150.jpeg 150w, https:\/\/oberro.unicap.br\/edicoes\/2020_2\/wp-content\/uploads\/2020\/12\/WhatsApp-Image-2020-12-12-at-13.47.20-65x65.jpeg 65w\" sizes=\"(max-width: 150px) 100vw, 150px\" \/><figcaption id=\"caption-attachment-1983\" class=\"wp-caption-text\">Raissa Moura<\/figcaption><\/figure>\n<br clear=\"all\"><\/p>\n<h3 style=\"text-align: left;\">Rep\u00f3rteres<\/h3>\n<figure id=\"attachment_1999\" aria-describedby=\"caption-attachment-1999\" style=\"width: 150px\" class=\"wp-caption alignleft\"><img loading=\"lazy\" class=\"wp-image-1999 size-thumbnail\" src=\"https:\/\/oberro.unicap.br\/edicoes\/2020_2\/wp-content\/uploads\/2020\/12\/WhatsApp-Image-2020-12-12-at-23.13.07-150x150.jpeg\" alt=\"\" width=\"150\" height=\"150\" srcset=\"https:\/\/oberro.unicap.br\/edicoes\/2020_2\/wp-content\/uploads\/2020\/12\/WhatsApp-Image-2020-12-12-at-23.13.07-150x150.jpeg 150w, https:\/\/oberro.unicap.br\/edicoes\/2020_2\/wp-content\/uploads\/2020\/12\/WhatsApp-Image-2020-12-12-at-23.13.07-300x298.jpeg 300w, https:\/\/oberro.unicap.br\/edicoes\/2020_2\/wp-content\/uploads\/2020\/12\/WhatsApp-Image-2020-12-12-at-23.13.07-768x762.jpeg 768w, https:\/\/oberro.unicap.br\/edicoes\/2020_2\/wp-content\/uploads\/2020\/12\/WhatsApp-Image-2020-12-12-at-23.13.07-65x65.jpeg 65w, https:\/\/oberro.unicap.br\/edicoes\/2020_2\/wp-content\/uploads\/2020\/12\/WhatsApp-Image-2020-12-12-at-23.13.07.jpeg 829w\" sizes=\"(max-width: 150px) 100vw, 150px\" \/><figcaption id=\"caption-attachment-1999\" class=\"wp-caption-text\">Ana Carolina Pinto<\/figcaption><\/figure>\n<figure id=\"attachment_1988\" aria-describedby=\"caption-attachment-1988\" style=\"width: 150px\" class=\"wp-caption alignleft\"><img loading=\"lazy\" class=\"wp-image-1988 size-thumbnail\" src=\"https:\/\/oberro.unicap.br\/edicoes\/2020_2\/wp-content\/uploads\/2020\/12\/WhatsApp-Image-2020-12-12-at-13.54.19-150x150.jpeg\" alt=\"\" width=\"150\" height=\"150\" srcset=\"https:\/\/oberro.unicap.br\/edicoes\/2020_2\/wp-content\/uploads\/2020\/12\/WhatsApp-Image-2020-12-12-at-13.54.19-150x150.jpeg 150w, https:\/\/oberro.unicap.br\/edicoes\/2020_2\/wp-content\/uploads\/2020\/12\/WhatsApp-Image-2020-12-12-at-13.54.19-65x65.jpeg 65w\" sizes=\"(max-width: 150px) 100vw, 150px\" \/><figcaption id=\"caption-attachment-1988\" class=\"wp-caption-text\">L\u00edvia Baroni<\/figcaption><\/figure>\n<figure id=\"attachment_1987\" aria-describedby=\"caption-attachment-1987\" style=\"width: 150px\" class=\"wp-caption alignleft\"><img loading=\"lazy\" class=\"wp-image-1987 size-thumbnail\" src=\"https:\/\/oberro.unicap.br\/edicoes\/2020_2\/wp-content\/uploads\/2020\/12\/WhatsApp-Image-2020-12-12-at-13.54.19-1-150x150.jpeg\" alt=\"\" width=\"150\" height=\"150\" srcset=\"https:\/\/oberro.unicap.br\/edicoes\/2020_2\/wp-content\/uploads\/2020\/12\/WhatsApp-Image-2020-12-12-at-13.54.19-1-150x150.jpeg 150w, https:\/\/oberro.unicap.br\/edicoes\/2020_2\/wp-content\/uploads\/2020\/12\/WhatsApp-Image-2020-12-12-at-13.54.19-1-65x65.jpeg 65w\" sizes=\"(max-width: 150px) 100vw, 150px\" \/><figcaption id=\"caption-attachment-1987\" class=\"wp-caption-text\">Lorena Aguiar<\/figcaption><\/figure>\n<figure id=\"attachment_1994\" aria-describedby=\"caption-attachment-1994\" style=\"width: 150px\" class=\"wp-caption alignleft\"><img loading=\"lazy\" class=\"wp-image-1994 size-thumbnail\" src=\"https:\/\/oberro.unicap.br\/edicoes\/2020_2\/wp-content\/uploads\/2020\/12\/WhatsApp-Image-2020-12-12-at-22.46.31-150x150.jpeg\" alt=\"\" width=\"150\" height=\"150\" srcset=\"https:\/\/oberro.unicap.br\/edicoes\/2020_2\/wp-content\/uploads\/2020\/12\/WhatsApp-Image-2020-12-12-at-22.46.31-150x150.jpeg 150w, https:\/\/oberro.unicap.br\/edicoes\/2020_2\/wp-content\/uploads\/2020\/12\/WhatsApp-Image-2020-12-12-at-22.46.31-300x300.jpeg 300w, https:\/\/oberro.unicap.br\/edicoes\/2020_2\/wp-content\/uploads\/2020\/12\/WhatsApp-Image-2020-12-12-at-22.46.31-768x767.jpeg 768w, https:\/\/oberro.unicap.br\/edicoes\/2020_2\/wp-content\/uploads\/2020\/12\/WhatsApp-Image-2020-12-12-at-22.46.31-65x65.jpeg 65w, https:\/\/oberro.unicap.br\/edicoes\/2020_2\/wp-content\/uploads\/2020\/12\/WhatsApp-Image-2020-12-12-at-22.46.31.jpeg 829w\" sizes=\"(max-width: 150px) 100vw, 150px\" \/><figcaption id=\"caption-attachment-1994\" class=\"wp-caption-text\">Lucas Holanda<\/figcaption><\/figure>\n<figure id=\"attachment_1986\" aria-describedby=\"caption-attachment-1986\" style=\"width: 150px\" class=\"wp-caption alignleft\"><img loading=\"lazy\" class=\"wp-image-1986 size-thumbnail\" src=\"https:\/\/oberro.unicap.br\/edicoes\/2020_2\/wp-content\/uploads\/2020\/12\/WhatsApp-Image-2020-12-12-at-13.55.52-150x150.jpeg\" alt=\"\" width=\"150\" height=\"150\" srcset=\"https:\/\/oberro.unicap.br\/edicoes\/2020_2\/wp-content\/uploads\/2020\/12\/WhatsApp-Image-2020-12-12-at-13.55.52-150x150.jpeg 150w, https:\/\/oberro.unicap.br\/edicoes\/2020_2\/wp-content\/uploads\/2020\/12\/WhatsApp-Image-2020-12-12-at-13.55.52-65x65.jpeg 65w\" sizes=\"(max-width: 150px) 100vw, 150px\" \/><figcaption id=\"caption-attachment-1986\" class=\"wp-caption-text\">Maria Let\u00edcia Sarinho<\/figcaption><\/figure>\n<figure id=\"attachment_1998\" aria-describedby=\"caption-attachment-1998\" style=\"width: 150px\" class=\"wp-caption alignleft\"><img loading=\"lazy\" class=\"wp-image-1998 size-thumbnail\" src=\"https:\/\/oberro.unicap.br\/edicoes\/2020_2\/wp-content\/uploads\/2020\/12\/WhatsApp-Image-2020-12-12-at-23.13.08-150x150.jpeg\" alt=\"\" width=\"150\" height=\"150\" srcset=\"https:\/\/oberro.unicap.br\/edicoes\/2020_2\/wp-content\/uploads\/2020\/12\/WhatsApp-Image-2020-12-12-at-23.13.08-150x150.jpeg 150w, https:\/\/oberro.unicap.br\/edicoes\/2020_2\/wp-content\/uploads\/2020\/12\/WhatsApp-Image-2020-12-12-at-23.13.08-300x298.jpeg 300w, https:\/\/oberro.unicap.br\/edicoes\/2020_2\/wp-content\/uploads\/2020\/12\/WhatsApp-Image-2020-12-12-at-23.13.08-768x762.jpeg 768w, https:\/\/oberro.unicap.br\/edicoes\/2020_2\/wp-content\/uploads\/2020\/12\/WhatsApp-Image-2020-12-12-at-23.13.08-65x65.jpeg 65w, https:\/\/oberro.unicap.br\/edicoes\/2020_2\/wp-content\/uploads\/2020\/12\/WhatsApp-Image-2020-12-12-at-23.13.08.jpeg 829w\" sizes=\"(max-width: 150px) 100vw, 150px\" \/><figcaption id=\"caption-attachment-1998\" class=\"wp-caption-text\">Mariana Ferreira<\/figcaption><\/figure>\n<figure id=\"attachment_1996\" aria-describedby=\"caption-attachment-1996\" style=\"width: 150px\" class=\"wp-caption alignleft\"><img loading=\"lazy\" class=\"wp-image-1996 size-thumbnail\" src=\"https:\/\/oberro.unicap.br\/edicoes\/2020_2\/wp-content\/uploads\/2020\/12\/WhatsApp-Image-2020-12-12-at-22.46.29-150x150.jpeg\" alt=\"\" width=\"150\" height=\"150\" srcset=\"https:\/\/oberro.unicap.br\/edicoes\/2020_2\/wp-content\/uploads\/2020\/12\/WhatsApp-Image-2020-12-12-at-22.46.29-150x150.jpeg 150w, https:\/\/oberro.unicap.br\/edicoes\/2020_2\/wp-content\/uploads\/2020\/12\/WhatsApp-Image-2020-12-12-at-22.46.29-300x300.jpeg 300w, https:\/\/oberro.unicap.br\/edicoes\/2020_2\/wp-content\/uploads\/2020\/12\/WhatsApp-Image-2020-12-12-at-22.46.29-65x65.jpeg 65w, https:\/\/oberro.unicap.br\/edicoes\/2020_2\/wp-content\/uploads\/2020\/12\/WhatsApp-Image-2020-12-12-at-22.46.29.jpeg 640w\" sizes=\"(max-width: 150px) 100vw, 150px\" \/><figcaption id=\"caption-attachment-1996\" class=\"wp-caption-text\">Natalia Aguiar<\/figcaption><\/figure>\n<figure id=\"attachment_1995\" aria-describedby=\"caption-attachment-1995\" style=\"width: 150px\" class=\"wp-caption alignleft\"><img loading=\"lazy\" class=\"wp-image-1995 size-thumbnail\" src=\"https:\/\/oberro.unicap.br\/edicoes\/2020_2\/wp-content\/uploads\/2020\/12\/WhatsApp-Image-2020-12-12-at-22.46.30-150x150.jpeg\" alt=\"\" width=\"150\" height=\"150\" srcset=\"https:\/\/oberro.unicap.br\/edicoes\/2020_2\/wp-content\/uploads\/2020\/12\/WhatsApp-Image-2020-12-12-at-22.46.30-150x150.jpeg 150w, https:\/\/oberro.unicap.br\/edicoes\/2020_2\/wp-content\/uploads\/2020\/12\/WhatsApp-Image-2020-12-12-at-22.46.30-300x298.jpeg 300w, https:\/\/oberro.unicap.br\/edicoes\/2020_2\/wp-content\/uploads\/2020\/12\/WhatsApp-Image-2020-12-12-at-22.46.30-768x763.jpeg 768w, https:\/\/oberro.unicap.br\/edicoes\/2020_2\/wp-content\/uploads\/2020\/12\/WhatsApp-Image-2020-12-12-at-22.46.30-65x65.jpeg 65w, https:\/\/oberro.unicap.br\/edicoes\/2020_2\/wp-content\/uploads\/2020\/12\/WhatsApp-Image-2020-12-12-at-22.46.30.jpeg 829w\" sizes=\"(max-width: 150px) 100vw, 150px\" \/><figcaption id=\"caption-attachment-1995\" class=\"wp-caption-text\">Osmar Cordeiro<\/figcaption><\/figure>\n<figure id=\"attachment_1993\" aria-describedby=\"caption-attachment-1993\" style=\"width: 150px\" class=\"wp-caption alignleft\"><img loading=\"lazy\" class=\"wp-image-1993 size-thumbnail\" src=\"https:\/\/oberro.unicap.br\/edicoes\/2020_2\/wp-content\/uploads\/2020\/12\/WhatsApp-Image-2020-12-12-at-22.46.31-1-150x150.jpeg\" alt=\"\" width=\"150\" height=\"150\" srcset=\"https:\/\/oberro.unicap.br\/edicoes\/2020_2\/wp-content\/uploads\/2020\/12\/WhatsApp-Image-2020-12-12-at-22.46.31-1-150x150.jpeg 150w, https:\/\/oberro.unicap.br\/edicoes\/2020_2\/wp-content\/uploads\/2020\/12\/WhatsApp-Image-2020-12-12-at-22.46.31-1-300x300.jpeg 300w, https:\/\/oberro.unicap.br\/edicoes\/2020_2\/wp-content\/uploads\/2020\/12\/WhatsApp-Image-2020-12-12-at-22.46.31-1-768x766.jpeg 768w, https:\/\/oberro.unicap.br\/edicoes\/2020_2\/wp-content\/uploads\/2020\/12\/WhatsApp-Image-2020-12-12-at-22.46.31-1-65x65.jpeg 65w, https:\/\/oberro.unicap.br\/edicoes\/2020_2\/wp-content\/uploads\/2020\/12\/WhatsApp-Image-2020-12-12-at-22.46.31-1.jpeg 829w\" sizes=\"(max-width: 150px) 100vw, 150px\" \/><figcaption id=\"caption-attachment-1993\" class=\"wp-caption-text\">Paloma Almeida<\/figcaption><\/figure>\n<figure id=\"attachment_1985\" aria-describedby=\"caption-attachment-1985\" style=\"width: 150px\" class=\"wp-caption alignleft\"><img loading=\"lazy\" class=\"wp-image-1985 size-thumbnail\" src=\"https:\/\/oberro.unicap.br\/edicoes\/2020_2\/wp-content\/uploads\/2020\/12\/WhatsApp-Image-2020-12-12-at-13.54.20-150x150.jpeg\" alt=\"\" width=\"150\" height=\"150\" srcset=\"https:\/\/oberro.unicap.br\/edicoes\/2020_2\/wp-content\/uploads\/2020\/12\/WhatsApp-Image-2020-12-12-at-13.54.20-150x150.jpeg 150w, https:\/\/oberro.unicap.br\/edicoes\/2020_2\/wp-content\/uploads\/2020\/12\/WhatsApp-Image-2020-12-12-at-13.54.20-65x65.jpeg 65w\" sizes=\"(max-width: 150px) 100vw, 150px\" \/><figcaption id=\"caption-attachment-1985\" class=\"wp-caption-text\">Tereza Ferraz<\/figcaption><\/figure>\n<figure id=\"attachment_1992\" aria-describedby=\"caption-attachment-1992\" style=\"width: 150px\" class=\"wp-caption alignleft\"><img loading=\"lazy\" class=\"wp-image-1992 size-thumbnail\" src=\"https:\/\/oberro.unicap.br\/edicoes\/2020_2\/wp-content\/uploads\/2020\/12\/WhatsApp-Image-2020-12-12-at-22.46.31-2-150x150.jpeg\" alt=\"\" width=\"150\" height=\"150\" srcset=\"https:\/\/oberro.unicap.br\/edicoes\/2020_2\/wp-content\/uploads\/2020\/12\/WhatsApp-Image-2020-12-12-at-22.46.31-2-150x150.jpeg 150w, https:\/\/oberro.unicap.br\/edicoes\/2020_2\/wp-content\/uploads\/2020\/12\/WhatsApp-Image-2020-12-12-at-22.46.31-2-300x298.jpeg 300w, https:\/\/oberro.unicap.br\/edicoes\/2020_2\/wp-content\/uploads\/2020\/12\/WhatsApp-Image-2020-12-12-at-22.46.31-2-768x762.jpeg 768w, https:\/\/oberro.unicap.br\/edicoes\/2020_2\/wp-content\/uploads\/2020\/12\/WhatsApp-Image-2020-12-12-at-22.46.31-2-65x65.jpeg 65w, https:\/\/oberro.unicap.br\/edicoes\/2020_2\/wp-content\/uploads\/2020\/12\/WhatsApp-Image-2020-12-12-at-22.46.31-2.jpeg 829w\" sizes=\"(max-width: 150px) 100vw, 150px\" \/><figcaption id=\"caption-attachment-1992\" class=\"wp-caption-text\">Vittoria Fialho<\/figcaption><\/figure>\n","protected":false},"excerpt":{"rendered":"<p>Ol\u00e1, meu nome \u00e9 Carol Monteiro, sou jornalista e professora da disciplina de Reda\u00e7\u00e3o Multim\u00eddia, que originou esta revista. Tenho 21 anos de formada em jornalismo. Talvez tenha mais tempo de profiss\u00e3o do que alguns desses meninos e meninas que escreveram os textos e editaram esta revista t\u00eam de vida. Isso faz de mim algu\u00e9m [&hellip;]<\/p>\n","protected":false},"author":1,"featured_media":0,"parent":0,"menu_order":0,"comment_status":"closed","ping_status":"closed","template":"","meta":[],"yoast_head":"<!-- This site is optimized with the Yoast SEO plugin v18.5.1 - https:\/\/yoast.com\/wordpress\/plugins\/seo\/ -->\n<title>Sobre - O Berro<\/title>\n<meta name=\"robots\" content=\"noindex, follow, max-snippet:-1, max-image-preview:large, max-video-preview:-1\" \/>\n<meta property=\"og:locale\" content=\"pt_BR\" \/>\n<meta property=\"og:type\" content=\"article\" \/>\n<meta property=\"og:title\" content=\"Sobre - O Berro\" \/>\n<meta property=\"og:description\" content=\"Ol\u00e1, meu nome \u00e9 Carol Monteiro, sou jornalista e professora da disciplina de Reda\u00e7\u00e3o Multim\u00eddia, que originou esta revista. Tenho 21 anos de formada em jornalismo. Talvez tenha mais tempo de profiss\u00e3o do que alguns desses meninos e meninas que escreveram os textos e editaram esta revista t\u00eam de vida. Isso faz de mim algu\u00e9m [&hellip;]\" \/>\n<meta property=\"og:url\" content=\"https:\/\/oberro.unicap.br\/edicoes\/2020_2\/sobre\/\" \/>\n<meta property=\"og:site_name\" content=\"O Berro\" \/>\n<meta property=\"article:modified_time\" content=\"2020-12-15T13:54:11+00:00\" \/>\n<meta property=\"og:image\" content=\"https:\/\/oberro.unicap.br\/edicoes\/2020_2\/wp-content\/uploads\/2020\/12\/WhatsApp-Image-2020-11-04-at-20.43.43-1-150x150.jpeg\" \/>\n<meta name=\"twitter:card\" content=\"summary_large_image\" \/>\n<meta name=\"twitter:label1\" content=\"Est. tempo de leitura\" \/>\n\t<meta name=\"twitter:data1\" content=\"3 minutos\" \/>\n<script type=\"application\/ld+json\" class=\"yoast-schema-graph\">{\"@context\":\"https:\/\/schema.org\",\"@graph\":[{\"@type\":\"WebSite\",\"@id\":\"https:\/\/oberro.unicap.br\/edicoes\/2020_2\/#website\",\"url\":\"https:\/\/oberro.unicap.br\/edicoes\/2020_2\/\",\"name\":\"O Berro\",\"description\":\"Edi\u00e7\u00e3o 2020.2\",\"potentialAction\":[{\"@type\":\"SearchAction\",\"target\":{\"@type\":\"EntryPoint\",\"urlTemplate\":\"https:\/\/oberro.unicap.br\/edicoes\/2020_2\/?s={search_term_string}\"},\"query-input\":\"required name=search_term_string\"}],\"inLanguage\":\"pt-BR\"},{\"@type\":\"ImageObject\",\"@id\":\"https:\/\/oberro.unicap.br\/edicoes\/2020_2\/sobre\/#primaryimage\",\"inLanguage\":\"pt-BR\",\"url\":\"https:\/\/oberro.unicap.br\/edicoes\/2020_2\/wp-content\/uploads\/2020\/12\/WhatsApp-Image-2020-11-04-at-20.43.43-1.jpeg\",\"contentUrl\":\"https:\/\/oberro.unicap.br\/edicoes\/2020_2\/wp-content\/uploads\/2020\/12\/WhatsApp-Image-2020-11-04-at-20.43.43-1.jpeg\",\"width\":720,\"height\":1280},{\"@type\":\"WebPage\",\"@id\":\"https:\/\/oberro.unicap.br\/edicoes\/2020_2\/sobre\/#webpage\",\"url\":\"https:\/\/oberro.unicap.br\/edicoes\/2020_2\/sobre\/\",\"name\":\"Sobre - O Berro\",\"isPartOf\":{\"@id\":\"https:\/\/oberro.unicap.br\/edicoes\/2020_2\/#website\"},\"primaryImageOfPage\":{\"@id\":\"https:\/\/oberro.unicap.br\/edicoes\/2020_2\/sobre\/#primaryimage\"},\"datePublished\":\"2014-10-26T16:11:14+00:00\",\"dateModified\":\"2020-12-15T13:54:11+00:00\",\"breadcrumb\":{\"@id\":\"https:\/\/oberro.unicap.br\/edicoes\/2020_2\/sobre\/#breadcrumb\"},\"inLanguage\":\"pt-BR\",\"potentialAction\":[{\"@type\":\"ReadAction\",\"target\":[\"https:\/\/oberro.unicap.br\/edicoes\/2020_2\/sobre\/\"]}]},{\"@type\":\"BreadcrumbList\",\"@id\":\"https:\/\/oberro.unicap.br\/edicoes\/2020_2\/sobre\/#breadcrumb\",\"itemListElement\":[{\"@type\":\"ListItem\",\"position\":1,\"name\":\"In\u00edcio\",\"item\":\"https:\/\/oberro.unicap.br\/edicoes\/2020_2\/\"},{\"@type\":\"ListItem\",\"position\":2,\"name\":\"Sobre\"}]}]}<\/script>\n<!-- \/ Yoast SEO plugin. -->","yoast_head_json":{"title":"Sobre - O Berro","robots":{"index":"noindex","follow":"follow","max-snippet":"max-snippet:-1","max-image-preview":"max-image-preview:large","max-video-preview":"max-video-preview:-1"},"og_locale":"pt_BR","og_type":"article","og_title":"Sobre - O Berro","og_description":"Ol\u00e1, meu nome \u00e9 Carol Monteiro, sou jornalista e professora da disciplina de Reda\u00e7\u00e3o Multim\u00eddia, que originou esta revista. Tenho 21 anos de formada em jornalismo. Talvez tenha mais tempo de profiss\u00e3o do que alguns desses meninos e meninas que escreveram os textos e editaram esta revista t\u00eam de vida. Isso faz de mim algu\u00e9m [&hellip;]","og_url":"https:\/\/oberro.unicap.br\/edicoes\/2020_2\/sobre\/","og_site_name":"O Berro","article_modified_time":"2020-12-15T13:54:11+00:00","og_image":[{"url":"https:\/\/oberro.unicap.br\/edicoes\/2020_2\/wp-content\/uploads\/2020\/12\/WhatsApp-Image-2020-11-04-at-20.43.43-1-150x150.jpeg"}],"twitter_card":"summary_large_image","twitter_misc":{"Est. tempo de leitura":"3 minutos"},"schema":{"@context":"https:\/\/schema.org","@graph":[{"@type":"WebSite","@id":"https:\/\/oberro.unicap.br\/edicoes\/2020_2\/#website","url":"https:\/\/oberro.unicap.br\/edicoes\/2020_2\/","name":"O Berro","description":"Edi\u00e7\u00e3o 2020.2","potentialAction":[{"@type":"SearchAction","target":{"@type":"EntryPoint","urlTemplate":"https:\/\/oberro.unicap.br\/edicoes\/2020_2\/?s={search_term_string}"},"query-input":"required name=search_term_string"}],"inLanguage":"pt-BR"},{"@type":"ImageObject","@id":"https:\/\/oberro.unicap.br\/edicoes\/2020_2\/sobre\/#primaryimage","inLanguage":"pt-BR","url":"https:\/\/oberro.unicap.br\/edicoes\/2020_2\/wp-content\/uploads\/2020\/12\/WhatsApp-Image-2020-11-04-at-20.43.43-1.jpeg","contentUrl":"https:\/\/oberro.unicap.br\/edicoes\/2020_2\/wp-content\/uploads\/2020\/12\/WhatsApp-Image-2020-11-04-at-20.43.43-1.jpeg","width":720,"height":1280},{"@type":"WebPage","@id":"https:\/\/oberro.unicap.br\/edicoes\/2020_2\/sobre\/#webpage","url":"https:\/\/oberro.unicap.br\/edicoes\/2020_2\/sobre\/","name":"Sobre - O Berro","isPartOf":{"@id":"https:\/\/oberro.unicap.br\/edicoes\/2020_2\/#website"},"primaryImageOfPage":{"@id":"https:\/\/oberro.unicap.br\/edicoes\/2020_2\/sobre\/#primaryimage"},"datePublished":"2014-10-26T16:11:14+00:00","dateModified":"2020-12-15T13:54:11+00:00","breadcrumb":{"@id":"https:\/\/oberro.unicap.br\/edicoes\/2020_2\/sobre\/#breadcrumb"},"inLanguage":"pt-BR","potentialAction":[{"@type":"ReadAction","target":["https:\/\/oberro.unicap.br\/edicoes\/2020_2\/sobre\/"]}]},{"@type":"BreadcrumbList","@id":"https:\/\/oberro.unicap.br\/edicoes\/2020_2\/sobre\/#breadcrumb","itemListElement":[{"@type":"ListItem","position":1,"name":"In\u00edcio","item":"https:\/\/oberro.unicap.br\/edicoes\/2020_2\/"},{"@type":"ListItem","position":2,"name":"Sobre"}]}]}},"_links":{"self":[{"href":"https:\/\/oberro.unicap.br\/edicoes\/2020_2\/wp-json\/wp\/v2\/pages\/294"}],"collection":[{"href":"https:\/\/oberro.unicap.br\/edicoes\/2020_2\/wp-json\/wp\/v2\/pages"}],"about":[{"href":"https:\/\/oberro.unicap.br\/edicoes\/2020_2\/wp-json\/wp\/v2\/types\/page"}],"author":[{"embeddable":true,"href":"https:\/\/oberro.unicap.br\/edicoes\/2020_2\/wp-json\/wp\/v2\/users\/1"}],"replies":[{"embeddable":true,"href":"https:\/\/oberro.unicap.br\/edicoes\/2020_2\/wp-json\/wp\/v2\/comments?post=294"}],"version-history":[{"count":21,"href":"https:\/\/oberro.unicap.br\/edicoes\/2020_2\/wp-json\/wp\/v2\/pages\/294\/revisions"}],"predecessor-version":[{"id":2095,"href":"https:\/\/oberro.unicap.br\/edicoes\/2020_2\/wp-json\/wp\/v2\/pages\/294\/revisions\/2095"}],"wp:attachment":[{"href":"https:\/\/oberro.unicap.br\/edicoes\/2020_2\/wp-json\/wp\/v2\/media?parent=294"}],"curies":[{"name":"wp","href":"https:\/\/api.w.org\/{rel}","templated":true}]}}