{"id":1025,"date":"2023-12-11T17:52:23","date_gmt":"2023-12-11T20:52:23","guid":{"rendered":"https:\/\/oberro.unicap.br\/edicoes\/2023_2\/?page_id=1025"},"modified":"2023-12-11T17:56:27","modified_gmt":"2023-12-11T20:56:27","slug":"expediente","status":"publish","type":"page","link":"https:\/\/oberro.unicap.br\/edicoes\/2023_2\/expediente\/","title":{"rendered":"Expediente"},"content":{"rendered":"<p>[et_pb_section fb_built=&#8221;1&#8243; _builder_version=&#8221;4.23.1&#8243; _module_preset=&#8221;default&#8221; background_color=&#8221;gcid-b1038d88-710f-4e7f-8553-815c696a4511&#8243; use_background_color_gradient=&#8221;on&#8221; background_color_gradient_type=&#8221;circular&#8221; background_color_gradient_direction_radial=&#8221;right&#8221; background_color_gradient_stops=&#8221;rgba(10,137,255,0.3) 0%|gcid-b1038d88-710f-4e7f-8553-815c696a4511 98%&#8221; background_image=&#8221;https:\/\/oberro.unicap.br\/edicoes\/2023_2\/wp-content\/uploads\/2023\/10\/blade-servers-background.jpg&#8221; background_position=&#8221;top_right&#8221; background_blend=&#8221;multiply&#8221; hover_enabled=&#8221;0&#8243; locked=&#8221;off&#8221; global_colors_info=&#8221;{%22gcid-b1038d88-710f-4e7f-8553-815c696a4511%22:%91%22background_color%22%93}&#8221; background_last_edited=&#8221;on|desktop&#8221; background_size_phone=&#8221;cover&#8221; sticky_enabled=&#8221;0&#8243; background_position_phone=&#8221;center&#8221;][et_pb_row module_class=&#8221;et-dark-mode-capable&#8221; _builder_version=&#8221;4.23.1&#8243; _module_preset=&#8221;default&#8221; hover_enabled=&#8221;0&#8243; global_colors_info=&#8221;{}&#8221; custom_margin=&#8221;10vh||10vh||true|false&#8221; sticky_enabled=&#8221;0&#8243;][et_pb_column type=&#8221;4_4&#8243; _builder_version=&#8221;4.23.1&#8243; _module_preset=&#8221;default&#8221; global_colors_info=&#8221;{}&#8221;][et_pb_text _builder_version=&#8221;4.23.1&#8243; _module_preset=&#8221;default&#8221; text_text_color=&#8221;#FFFFFF&#8221; header_text_color=&#8221;#FFFFFF&#8221; header_font_size=&#8221;50px&#8221; animation_style=&#8221;slide&#8221; animation_direction=&#8221;left&#8221; animation_intensity_slide=&#8221;10%&#8221; global_colors_info=&#8221;{}&#8221;]<\/p>\n<blockquote>\n<h1><b>Expediente<\/b><\/h1>\n<\/blockquote>\n<p><strong>REITOR<\/strong><br \/>Pe. Pedro Rubens<\/p>\n<p><strong>VICE-REITOR<\/strong><br \/>Pe. L\u00facio Fl\u00e1vio<\/p>\n<p><strong>DIRETORA DA ESCOLA DE COMUNICA\u00c7\u00c3O<\/strong><br \/>Profa. Dra. Carolina Monteiro<\/p>\n<p><strong>COORDENADORA DO CURSO DE JORNALISMO<\/strong><br \/>Profa. Dra. Andrea Trigueiro<\/p>\n<p><strong>CONSELHO EDITORIAL<\/strong><br \/>Amanda Rem\u00edgio<br \/>Ass\u00edria Flor\u00eancio<br \/>Bianca Escobar<br \/>Caio C\u00e9sar<br \/>Concei\u00e7\u00e3o Tomaz<br \/>Paulo Pinheiro<\/p>\n<p><strong>SUPERVIS\u00c3O EDITORIAL<\/strong><br \/>Prof. Dr. Filipe Falc\u00e3o<\/p>\n<p><strong>DIAGRAMA\u00c7\u00c3O<\/strong><br \/>Ass\u00edria Flor\u00eancio<br \/>Jota Bosco<\/p>\n<p><strong>O BERRO 2023.2<\/strong><br \/><strong> DEZEMBRO<\/strong><\/p>\n<p>Reda\u00e7\u00e3o Multim\u00eddia<br \/>Universidade Cat\u00f3lica de Pernambuco<br \/>Rua do Pr\u00edncipe, 526, Bloco A &#8211; Boa Vista, Recife &#8211; PE &#8211; 50050-900<br \/>Fone: (81) 2119-4059<\/p>\n<p>[\/et_pb_text][\/et_pb_column][\/et_pb_row][\/et_pb_section]<\/p>\n","protected":false},"excerpt":{"rendered":"<p>Expediente REITORPe. Pedro Rubens VICE-REITORPe. L\u00facio Fl\u00e1vio DIRETORA DA ESCOLA DE COMUNICA\u00c7\u00c3OProfa. Dra. Carolina Monteiro COORDENADORA DO CURSO DE JORNALISMOProfa. Dra. Andrea Trigueiro CONSELHO EDITORIALAmanda Rem\u00edgioAss\u00edria Flor\u00eancioBianca EscobarCaio C\u00e9sarConcei\u00e7\u00e3o TomazPaulo Pinheiro SUPERVIS\u00c3O EDITORIALProf. Dr. Filipe Falc\u00e3o DIAGRAMA\u00c7\u00c3OAss\u00edria Flor\u00eancioJota Bosco O BERRO 2023.2 DEZEMBRO Reda\u00e7\u00e3o Multim\u00eddiaUniversidade Cat\u00f3lica de PernambucoRua do Pr\u00edncipe, 526, Bloco A &#8211; Boa [&hellip;]<\/p>\n","protected":false},"author":1,"featured_media":0,"parent":0,"menu_order":0,"comment_status":"closed","ping_status":"closed","template":"","meta":{"_et_pb_use_builder":"on","_et_pb_old_content":"","_et_gb_content_width":"","footnotes":""},"_links":{"self":[{"href":"https:\/\/oberro.unicap.br\/edicoes\/2023_2\/wp-json\/wp\/v2\/pages\/1025"}],"collection":[{"href":"https:\/\/oberro.unicap.br\/edicoes\/2023_2\/wp-json\/wp\/v2\/pages"}],"about":[{"href":"https:\/\/oberro.unicap.br\/edicoes\/2023_2\/wp-json\/wp\/v2\/types\/page"}],"author":[{"embeddable":true,"href":"https:\/\/oberro.unicap.br\/edicoes\/2023_2\/wp-json\/wp\/v2\/users\/1"}],"replies":[{"embeddable":true,"href":"https:\/\/oberro.unicap.br\/edicoes\/2023_2\/wp-json\/wp\/v2\/comments?post=1025"}],"version-history":[{"count":4,"href":"https:\/\/oberro.unicap.br\/edicoes\/2023_2\/wp-json\/wp\/v2\/pages\/1025\/revisions"}],"predecessor-version":[{"id":1030,"href":"https:\/\/oberro.unicap.br\/edicoes\/2023_2\/wp-json\/wp\/v2\/pages\/1025\/revisions\/1030"}],"wp:attachment":[{"href":"https:\/\/oberro.unicap.br\/edicoes\/2023_2\/wp-json\/wp\/v2\/media?parent=1025"}],"curies":[{"name":"wp","href":"https:\/\/api.w.org\/{rel}","templated":true}]}}