{"id":17,"date":"2024-11-22T09:20:14","date_gmt":"2024-11-22T12:20:14","guid":{"rendered":"https:\/\/oberro.unicap.br\/edicoes\/2024_2\/?page_id=17"},"modified":"2025-04-03T17:10:24","modified_gmt":"2025-04-03T20:10:24","slug":"pagina-inicial","status":"publish","type":"page","link":"https:\/\/oberro.unicap.br\/edicoes\/2024_2\/","title":{"rendered":"P\u00e1gina Inicial"},"content":{"rendered":"<p>[et_pb_section fb_built=&#8221;1&#8243; admin_label=&#8221;Topo&#8221; _builder_version=&#8221;4.27.3&#8243; _module_preset=&#8221;default&#8221; custom_padding=&#8221;0px||0px||false|false&#8221; global_colors_info=&#8221;{}&#8221;][et_pb_row _builder_version=&#8221;4.27.3&#8243; _module_preset=&#8221;default&#8221; width=&#8221;100%&#8221; width_last_edited=&#8221;off|desktop&#8221; max_width=&#8221;2560px&#8221; custom_padding=&#8221;0px||0px||true|false&#8221; global_colors_info=&#8221;{}&#8221; width__hover_enabled=&#8221;off|desktop&#8221;][et_pb_column type=&#8221;4_4&#8243; _builder_version=&#8221;4.27.3&#8243; _module_preset=&#8221;default&#8221; global_colors_info=&#8221;{}&#8221;][et_pb_post_slider posts_number=&#8221;5&#8243; orderby=&#8221;rand&#8221; show_meta=&#8221;off&#8221; use_text_overlay=&#8221;off&#8221; _builder_version=&#8221;4.27.3&#8243; _module_preset=&#8221;default&#8221; header_font=&#8221;Aprova-Black|||on|||||&#8221; header_text_align=&#8221;left&#8221; header_font_size=&#8221;60px&#8221; header_letter_spacing=&#8221;-1px&#8221; background_color=&#8221;#000000&#8243; background_enable_image=&#8221;off&#8221; custom_button=&#8221;on&#8221; button_text_size=&#8221;18px&#8221; button_text_color=&#8221;#000000&#8243; button_bg_color=&#8221;gcid-4ade9fdf-8d22-4e77-8c71-e552e19d7876&#8243; button_border_width=&#8221;0px&#8221; button_border_radius=&#8221;50px&#8221; button_font=&#8221;|700|||||||&#8221; button_alignment=&#8221;left&#8221; button_custom_margin=&#8221;||||false|false&#8221; button_custom_padding=&#8221;20px|50px|20px|50px|true|true&#8221; text_orientation=&#8221;left&#8221; module_alignment=&#8221;left&#8221; auto=&#8221;on&#8221; header_font_size_tablet=&#8221;60px&#8221; header_font_size_phone=&#8221;40px&#8221; header_font_size_last_edited=&#8221;on|phone&#8221; custom_css_slide_description=&#8221;width:60%;&#8221; global_colors_info=&#8221;{%22gcid-1c97a04a-ffbf-4ddf-9197-5aa1a6014673%22:%91%22header_text_color%22%93,%22gcid-4ade9fdf-8d22-4e77-8c71-e552e19d7876%22:%91%22button_bg_color%22%93}&#8221; custom_css_slide_description_last_edited=&#8221;on|phone&#8221; custom_css_slide_description_phone=&#8221;width:100%;&#8221; custom_css_slide_description_tablet=&#8221;width:60%;&#8221;][\/et_pb_post_slider][\/et_pb_column][\/et_pb_row][\/et_pb_section][et_pb_section fb_built=&#8221;1&#8243; admin_label=&#8221;Editorial&#8221; _builder_version=&#8221;4.27.3&#8243; _module_preset=&#8221;default&#8221; background_color=&#8221;gcid-4c6f36ed-05f6-4542-9a3f-19538ad00347&#8243; global_colors_info=&#8221;{%22gcid-4c6f36ed-05f6-4542-9a3f-19538ad00347%22:%91%22background_color%22%93}&#8221;][et_pb_row column_structure=&#8221;1_2,1_4,1_4&#8243; _builder_version=&#8221;4.27.3&#8243; _module_preset=&#8221;default&#8221; width_last_edited=&#8221;off|desktop&#8221; global_colors_info=&#8221;{}&#8221; width__hover_enabled=&#8221;off|desktop&#8221;][et_pb_column type=&#8221;1_2&#8243; _builder_version=&#8221;4.27.3&#8243; _module_preset=&#8221;default&#8221; global_colors_info=&#8221;{}&#8221;][et_pb_text _builder_version=&#8221;4.27.4&#8243; _module_preset=&#8221;default&#8221; text_text_color=&#8221;#FFFFFF&#8221; header_2_font=&#8221;Aprova-Black|500|||||||&#8221; header_2_text_color=&#8221;gcid-4ade9fdf-8d22-4e77-8c71-e552e19d7876&#8243; header_2_font_size=&#8221;60px&#8221; header_2_letter_spacing=&#8221;-2px&#8221; custom_css_free_form=&#8221;h2 {||  margin-bottom:1.111rem;||}&#8221; global_colors_info=&#8221;{%22gcid-4ade9fdf-8d22-4e77-8c71-e552e19d7876%22:%91%22header_2_text_color%22%93}&#8221;]<\/p>\n<h2>Carta ao leitor<\/h2>\n<p>Sauda\u00e7\u00f5es, caros\/as leitores\/as. Sejam bem-vindos \u00e0 edi\u00e7\u00e3o de 2024.2 da Revista O Berro, peri\u00f3dico do curso de Jornalismo da Universidade Cat\u00f3lica de Pernambuco (Unicap).<\/p>\n<p>Em uma sociedade marcada pela diversidade cultural, \u00e9tnica, de g\u00eanero, de classe e de experi\u00eancias, as discuss\u00f5es sobre a constru\u00e7\u00e3o da identidade e a din\u00e2mica dos grupos sociais se tornam cada vez mais fundamentais para entendermos como nos posicionamos no mundo<br \/>e interagimos com os outros.<\/p>\n<p>A identidade \u00e9 um fen\u00f4meno din\u00e2mico e em constante transforma\u00e7\u00e3o. Ela n\u00e3o se restringe a uma ess\u00eancia imut\u00e1vel, mas reflete as rela\u00e7\u00f5es que estabelecemos com os outros, as experi\u00eancias vividas e os contextos hist\u00f3ricos e sociais nos quais estamos inseridos. Tudo isso contribui para moldar a percep\u00e7\u00e3o que temos de n\u00f3s mesmos e dos outros.<\/p>\n<p>Convidamos voc\u00ea a uma reflex\u00e3o sobre como as identidades s\u00e3o constru\u00eddas em diferentes esferas sociais e culturais, sem perder de vista a import\u00e2ncia da empatia, do respeito \u00e0 diversidade e do reconhecimento das m\u00faltiplas vozes que comp\u00f5em o tecido social.<\/p>\n<p>Boa leitura!<\/p>\n<p>[\/et_pb_text][\/et_pb_column][et_pb_column type=&#8221;1_4&#8243; _builder_version=&#8221;4.27.3&#8243; _module_preset=&#8221;default&#8221; global_colors_info=&#8221;{}&#8221;][et_pb_image src=&#8221;https:\/\/oberro.unicap.br\/edicoes\/2024_2\/wp-content\/uploads\/2025\/04\/2024_2.png&#8221; title_text=&#8221;2024_2&#8243; url=&#8221;https:\/\/online.fliphtml5.com\/nrpyo\/zqec\/&#8221; url_new_window=&#8221;on&#8221; show_bottom_space=&#8221;off&#8221; align=&#8221;center&#8221; _builder_version=&#8221;4.27.4&#8243; _module_preset=&#8221;default&#8221; global_colors_info=&#8221;{}&#8221;][\/et_pb_image][et_pb_text _builder_version=&#8221;4.27.4&#8243; _module_preset=&#8221;default&#8221; text_orientation=&#8221;right&#8221; global_colors_info=&#8221;{}&#8221;]<\/p>\n<p>Leia a vers\u00e3o impressa<\/p>\n<p>[\/et_pb_text][\/et_pb_column][et_pb_column type=&#8221;1_4&#8243; _builder_version=&#8221;4.27.3&#8243; _module_preset=&#8221;default&#8221; global_colors_info=&#8221;{}&#8221;][\/et_pb_column][\/et_pb_row][\/et_pb_section][et_pb_section fb_built=&#8221;1&#8243; admin_label=&#8221;Entretenimento&#8221; _builder_version=&#8221;4.27.3&#8243; _module_preset=&#8221;default&#8221; background_color=&#8221;gcid-1c97a04a-ffbf-4ddf-9197-5aa1a6014673&#8243; global_colors_info=&#8221;{%22gcid-1c97a04a-ffbf-4ddf-9197-5aa1a6014673%22:%91%22background_color%22%93}&#8221;][et_pb_row _builder_version=&#8221;4.27.3&#8243; _module_preset=&#8221;default&#8221; width_last_edited=&#8221;off|desktop&#8221; global_colors_info=&#8221;{}&#8221;][et_pb_column type=&#8221;4_4&#8243; _builder_version=&#8221;4.27.3&#8243; _module_preset=&#8221;default&#8221; global_colors_info=&#8221;{}&#8221;][et_pb_text _builder_version=&#8221;4.27.4&#8243; _module_preset=&#8221;default&#8221; text_text_color=&#8221;#FFFFFF&#8221; header_font=&#8221;Aprova-Black|&#8211;et_global_body_font_weight|||||||&#8221; header_2_font=&#8221;Aprova-Black|500|||||||&#8221; header_2_text_color=&#8221;#FFFFFF&#8221; header_2_font_size=&#8221;60px&#8221; header_2_letter_spacing=&#8221;-2px&#8221; header_2_font_size_tablet=&#8221;60px&#8221; header_2_font_size_phone=&#8221;40px&#8221; header_2_font_size_last_edited=&#8221;on|phone&#8221; custom_css_free_form=&#8221;h2 {||  margin-bottom:1.111rem;||}&#8221; global_colors_info=&#8221;{}&#8221;]<\/p>\n<h2>Entretenimento<\/h2>\n<p>[\/et_pb_text][dgbm_blog_module type=&#8221;3&#8243; include_categories=&#8221;3&#8243; title_tag=&#8221;h3&#8243; show_excerpt=&#8221;off&#8221; show_categories=&#8221;off&#8221; show_author=&#8221;off&#8221; show_date=&#8221;off&#8221; show_pagination=&#8221;off&#8221; equal_height=&#8221;on&#8221; image_as_background=&#8221;on&#8221; image_size=&#8221;default_image&#8221; article_padding=&#8221;15%||||false|false&#8221; content_margin=&#8221;||||false|false&#8221; content_padding=&#8221;30px|20px|30px|20px|true|true&#8221; admin_label=&#8221;DG Blog Module&#8221; _builder_version=&#8221;4.27.4&#8243; _module_preset=&#8221;default&#8221; title_font=&#8221;Aprova-Bold|700|||||||&#8221; title_text_align=&#8221;center&#8221; title_text_color=&#8221;#FFFFFF&#8221; title_font_size=&#8221;24px&#8221; background_enable_color=&#8221;off&#8221; custom_css_title=&#8221;background-color:#000;||padding-top:10px;||padding-bottom:10px;&#8221; border_radii_post_item=&#8221;on|20px|20px|20px|20px&#8221; global_colors_info=&#8221;{}&#8221;][\/dgbm_blog_module][\/et_pb_column][\/et_pb_row][\/et_pb_section][et_pb_section fb_built=&#8221;1&#8243; admin_label=&#8221;Comportamento&#8221; _builder_version=&#8221;4.27.3&#8243; _module_preset=&#8221;default&#8221; background_color=&#8221;gcid-0a7e2b93-b39a-487c-9b3f-6d47581a154e&#8221; global_colors_info=&#8221;{%22gcid-0a7e2b93-b39a-487c-9b3f-6d47581a154e%22:%91%22background_color%22%93}&#8221;][et_pb_row _builder_version=&#8221;4.27.3&#8243; _module_preset=&#8221;default&#8221; global_colors_info=&#8221;{}&#8221;][et_pb_column type=&#8221;4_4&#8243; _builder_version=&#8221;4.27.3&#8243; _module_preset=&#8221;default&#8221; global_colors_info=&#8221;{}&#8221;][et_pb_text _builder_version=&#8221;4.27.3&#8243; _module_preset=&#8221;default&#8221; text_text_color=&#8221;#FFFFFF&#8221; header_2_font=&#8221;Aprova-Black|500|||||||&#8221; header_2_text_color=&#8221;#FFFFFF&#8221; header_2_font_size=&#8221;60px&#8221; header_2_letter_spacing=&#8221;-2px&#8221; header_2_font_size_tablet=&#8221;60px&#8221; header_2_font_size_phone=&#8221;40px&#8221; header_2_font_size_last_edited=&#8221;on|phone&#8221; custom_css_free_form=&#8221;h2 {||  margin-bottom:1.111rem;||}&#8221; global_colors_info=&#8221;{}&#8221;]<\/p>\n<h2>Comportamento<\/h2>\n<p>[\/et_pb_text][dgbm_blog_module type=&#8221;3&#8243; include_categories=&#8221;4&#8243; title_tag=&#8221;h3&#8243; show_excerpt=&#8221;off&#8221; show_categories=&#8221;off&#8221; show_author=&#8221;off&#8221; show_date=&#8221;off&#8221; show_pagination=&#8221;off&#8221; equal_height=&#8221;on&#8221; image_as_background=&#8221;on&#8221; image_size=&#8221;default_image&#8221; article_padding=&#8221;15%||||false|false&#8221; content_margin=&#8221;||||false|false&#8221; content_padding=&#8221;30px|20px|30px|20px|true|true&#8221; admin_label=&#8221;DG Blog Module&#8221; _builder_version=&#8221;4.27.3&#8243; _module_preset=&#8221;default&#8221; title_font=&#8221;Aprova-Bold|700|||||||&#8221; title_text_align=&#8221;center&#8221; title_text_color=&#8221;#FFFFFF&#8221; title_font_size=&#8221;24px&#8221; background_enable_color=&#8221;off&#8221; custom_css_title=&#8221;background-color:#000;||padding-top:10px;||padding-bottom:10px;&#8221; border_radii_post_item=&#8221;on|20px|20px|20px|20px&#8221; locked=&#8221;off&#8221; global_colors_info=&#8221;{}&#8221;][\/dgbm_blog_module][\/et_pb_column][\/et_pb_row][\/et_pb_section][et_pb_section fb_built=&#8221;1&#8243; admin_label=&#8221;Bem Estar&#8221; _builder_version=&#8221;4.27.3&#8243; _module_preset=&#8221;default&#8221; background_color=&#8221;gcid-f85908f6-e6b2-4a2d-8d83-029c4bdee5dd&#8221; global_colors_info=&#8221;{%22gcid-f85908f6-e6b2-4a2d-8d83-029c4bdee5dd%22:%91%22background_color%22%93}&#8221;][et_pb_row _builder_version=&#8221;4.27.3&#8243; _module_preset=&#8221;default&#8221; global_colors_info=&#8221;{}&#8221;][et_pb_column type=&#8221;4_4&#8243; _builder_version=&#8221;4.27.3&#8243; _module_preset=&#8221;default&#8221; global_colors_info=&#8221;{}&#8221;][et_pb_text _builder_version=&#8221;4.27.3&#8243; _module_preset=&#8221;default&#8221; text_text_color=&#8221;#FFFFFF&#8221; header_2_font=&#8221;Aprova-Black|500|||||||&#8221; header_2_text_color=&#8221;#FFFFFF&#8221; header_2_font_size=&#8221;60px&#8221; header_2_letter_spacing=&#8221;-2px&#8221; header_2_font_size_tablet=&#8221;60px&#8221; header_2_font_size_phone=&#8221;40px&#8221; header_2_font_size_last_edited=&#8221;on|phone&#8221; custom_css_free_form=&#8221;h2 {||  margin-bottom:1.111rem;||}&#8221; global_colors_info=&#8221;{}&#8221;]<\/p>\n<h2><span>Bem Estar<\/span><\/h2>\n<p>[\/et_pb_text][dgbm_blog_module type=&#8221;3&#8243; include_categories=&#8221;5&#8243; title_tag=&#8221;h3&#8243; show_excerpt=&#8221;off&#8221; show_categories=&#8221;off&#8221; show_author=&#8221;off&#8221; show_date=&#8221;off&#8221; show_pagination=&#8221;off&#8221; equal_height=&#8221;on&#8221; image_as_background=&#8221;on&#8221; image_size=&#8221;default_image&#8221; article_padding=&#8221;15%||||false|false&#8221; content_margin=&#8221;||||false|false&#8221; content_padding=&#8221;30px|20px|30px|20px|true|true&#8221; admin_label=&#8221;DG Blog Module&#8221; _builder_version=&#8221;4.27.4&#8243; _module_preset=&#8221;default&#8221; title_font=&#8221;Aprova-Bold|700|||||||&#8221; title_text_align=&#8221;center&#8221; title_text_color=&#8221;#FFFFFF&#8221; title_font_size=&#8221;24px&#8221; background_enable_color=&#8221;off&#8221; custom_css_title=&#8221;background-color:#000;||padding-top:10px;||padding-bottom:10px;&#8221; border_radii_post_item=&#8221;on|20px|20px|20px|20px&#8221; global_colors_info=&#8221;{}&#8221;][\/dgbm_blog_module][\/et_pb_column][\/et_pb_row][\/et_pb_section][et_pb_section fb_built=&#8221;1&#8243; admin_label=&#8221;Cultura&#8221; _builder_version=&#8221;4.27.3&#8243; _module_preset=&#8221;default&#8221; background_color=&#8221;gcid-4ade9fdf-8d22-4e77-8c71-e552e19d7876&#8243; global_colors_info=&#8221;{%22gcid-4ade9fdf-8d22-4e77-8c71-e552e19d7876%22:%91%22background_color%22%93}&#8221;][et_pb_row _builder_version=&#8221;4.27.3&#8243; _module_preset=&#8221;default&#8221; global_colors_info=&#8221;{}&#8221;][et_pb_column type=&#8221;4_4&#8243; _builder_version=&#8221;4.27.3&#8243; _module_preset=&#8221;default&#8221; global_colors_info=&#8221;{}&#8221;][et_pb_text _builder_version=&#8221;4.27.3&#8243; _module_preset=&#8221;default&#8221; text_text_color=&#8221;#FFFFFF&#8221; header_2_font=&#8221;Aprova-Black|500|||||||&#8221; header_2_text_color=&#8221;#FFFFFF&#8221; header_2_font_size=&#8221;60px&#8221; header_2_letter_spacing=&#8221;-2px&#8221; header_2_font_size_tablet=&#8221;60px&#8221; header_2_font_size_phone=&#8221;40px&#8221; header_2_font_size_last_edited=&#8221;on|phone&#8221; custom_css_free_form=&#8221;h2 {||  margin-bottom:1.111rem;||}&#8221; global_colors_info=&#8221;{}&#8221;]<\/p>\n<h2><span>Cultura<\/span><\/h2>\n<p>[\/et_pb_text][dgbm_blog_module type=&#8221;3&#8243; include_categories=&#8221;6&#8243; title_tag=&#8221;h3&#8243; show_excerpt=&#8221;off&#8221; show_categories=&#8221;off&#8221; show_author=&#8221;off&#8221; show_date=&#8221;off&#8221; show_pagination=&#8221;off&#8221; equal_height=&#8221;on&#8221; image_as_background=&#8221;on&#8221; image_size=&#8221;default_image&#8221; article_padding=&#8221;15%||||false|false&#8221; content_margin=&#8221;||||false|false&#8221; content_padding=&#8221;30px|20px|30px|20px|true|true&#8221; admin_label=&#8221;DG Blog Module&#8221; _builder_version=&#8221;4.27.3&#8243; _module_preset=&#8221;default&#8221; title_font=&#8221;Aprova-Bold|700|||||||&#8221; title_text_align=&#8221;center&#8221; title_text_color=&#8221;#FFFFFF&#8221; title_font_size=&#8221;24px&#8221; background_enable_color=&#8221;off&#8221; custom_css_title=&#8221;background-color:#000;||padding-top:10px;||padding-bottom:10px;&#8221; border_radii_post_item=&#8221;on|20px|20px|20px|20px&#8221; global_colors_info=&#8221;{}&#8221;][\/dgbm_blog_module][\/et_pb_column][\/et_pb_row][\/et_pb_section][et_pb_section fb_built=&#8221;1&#8243; admin_label=&#8221;18+&#8221; _builder_version=&#8221;4.27.3&#8243; _module_preset=&#8221;default&#8221; background_color=&#8221;gcid-8effb3a2-e854-42e5-b214-662e2799b97e&#8221; global_colors_info=&#8221;{%22gcid-8effb3a2-e854-42e5-b214-662e2799b97e%22:%91%22background_color%22%93}&#8221;][et_pb_row _builder_version=&#8221;4.27.3&#8243; _module_preset=&#8221;default&#8221; global_colors_info=&#8221;{}&#8221;][et_pb_column type=&#8221;4_4&#8243; _builder_version=&#8221;4.27.3&#8243; _module_preset=&#8221;default&#8221; global_colors_info=&#8221;{}&#8221;][et_pb_text _builder_version=&#8221;4.27.3&#8243; _module_preset=&#8221;default&#8221; text_text_color=&#8221;#FFFFFF&#8221; header_2_font=&#8221;Aprova-Black|500|||||||&#8221; header_2_text_color=&#8221;#FFFFFF&#8221; header_2_font_size=&#8221;60px&#8221; header_2_letter_spacing=&#8221;-2px&#8221; header_2_font_size_tablet=&#8221;60px&#8221; header_2_font_size_phone=&#8221;40px&#8221; header_2_font_size_last_edited=&#8221;on|phone&#8221; custom_css_free_form=&#8221;h2 {||  margin-bottom:1.111rem;||}&#8221; global_colors_info=&#8221;{}&#8221;]<\/p>\n<h2><span>18+<\/span><\/h2>\n<p>[\/et_pb_text][dgbm_blog_module type=&#8221;3&#8243; include_categories=&#8221;7&#8243; title_tag=&#8221;h3&#8243; show_excerpt=&#8221;off&#8221; show_categories=&#8221;off&#8221; show_author=&#8221;off&#8221; show_date=&#8221;off&#8221; show_pagination=&#8221;off&#8221; equal_height=&#8221;on&#8221; image_as_background=&#8221;on&#8221; image_size=&#8221;default_image&#8221; article_padding=&#8221;15%||||false|false&#8221; content_margin=&#8221;||||false|false&#8221; content_padding=&#8221;30px|20px|30px|20px|true|true&#8221; admin_label=&#8221;DG Blog Module&#8221; _builder_version=&#8221;4.27.4&#8243; _module_preset=&#8221;default&#8221; title_font=&#8221;Aprova-Bold|700|||||||&#8221; title_text_align=&#8221;center&#8221; title_text_color=&#8221;#FFFFFF&#8221; title_font_size=&#8221;24px&#8221; background_enable_color=&#8221;off&#8221; custom_css_title=&#8221;background-color:#000;||padding-top:10px;||padding-bottom:10px;&#8221; border_radii_post_item=&#8221;on|20px|20px|20px|20px&#8221; global_colors_info=&#8221;{}&#8221;][\/dgbm_blog_module][\/et_pb_column][\/et_pb_row][\/et_pb_section]<\/p>\n","protected":false},"excerpt":{"rendered":"<p>Carta ao leitor Sauda\u00e7\u00f5es, caros\/as leitores\/as. Sejam bem-vindos \u00e0 edi\u00e7\u00e3o de 2024.2 da Revista O Berro, peri\u00f3dico do curso de Jornalismo da Universidade Cat\u00f3lica de Pernambuco (Unicap). Em uma sociedade marcada pela diversidade cultural, \u00e9tnica, de g\u00eanero, de classe e de experi\u00eancias, as discuss\u00f5es sobre a constru\u00e7\u00e3o da identidade e a din\u00e2mica dos grupos sociais [&hellip;]<\/p>\n","protected":false},"author":1,"featured_media":0,"parent":0,"menu_order":0,"comment_status":"closed","ping_status":"closed","template":"","meta":{"_et_pb_use_builder":"on","_et_pb_old_content":"","_et_gb_content_width":"","footnotes":""},"class_list":["post-17","page","type-page","status-publish","hentry"],"_links":{"self":[{"href":"https:\/\/oberro.unicap.br\/edicoes\/2024_2\/wp-json\/wp\/v2\/pages\/17","targetHints":{"allow":["GET"]}}],"collection":[{"href":"https:\/\/oberro.unicap.br\/edicoes\/2024_2\/wp-json\/wp\/v2\/pages"}],"about":[{"href":"https:\/\/oberro.unicap.br\/edicoes\/2024_2\/wp-json\/wp\/v2\/types\/page"}],"author":[{"embeddable":true,"href":"https:\/\/oberro.unicap.br\/edicoes\/2024_2\/wp-json\/wp\/v2\/users\/1"}],"replies":[{"embeddable":true,"href":"https:\/\/oberro.unicap.br\/edicoes\/2024_2\/wp-json\/wp\/v2\/comments?post=17"}],"version-history":[{"count":34,"href":"https:\/\/oberro.unicap.br\/edicoes\/2024_2\/wp-json\/wp\/v2\/pages\/17\/revisions"}],"predecessor-version":[{"id":710,"href":"https:\/\/oberro.unicap.br\/edicoes\/2024_2\/wp-json\/wp\/v2\/pages\/17\/revisions\/710"}],"wp:attachment":[{"href":"https:\/\/oberro.unicap.br\/edicoes\/2024_2\/wp-json\/wp\/v2\/media?parent=17"}],"curies":[{"name":"wp","href":"https:\/\/api.w.org\/{rel}","templated":true}]}}