{"id":80,"date":"2025-06-17T16:40:35","date_gmt":"2025-06-17T19:40:35","guid":{"rendered":"https:\/\/oberro.unicap.br\/edicoes\/2025_1\/?page_id=80"},"modified":"2026-04-24T16:47:41","modified_gmt":"2026-04-24T19:47:41","slug":"pagina-inicial","status":"publish","type":"page","link":"https:\/\/oberro.unicap.br\/edicoes\/2025_1\/","title":{"rendered":"P\u00e1gina inicial"},"content":{"rendered":"<p>[et_pb_section fb_built=&#8221;1&#8243; _builder_version=&#8221;4.27.4&#8243; _module_preset=&#8221;default&#8221; background_color=&#8221;gcid-b9d9df16-f97b-4791-8d1e-3140abdf1343&#8243; global_colors_info=&#8221;{%22gcid-b9d9df16-f97b-4791-8d1e-3140abdf1343%22:%91%22background_color%22%93}&#8221;][et_pb_row column_structure=&#8221;1_2,1_2&#8243; _builder_version=&#8221;4.27.4&#8243; _module_preset=&#8221;default&#8221; global_colors_info=&#8221;{}&#8221;][et_pb_column type=&#8221;1_2&#8243; _builder_version=&#8221;4.27.4&#8243; _module_preset=&#8221;default&#8221; global_colors_info=&#8221;{}&#8221;][et_pb_image src=&#8221;https:\/\/oberro.unicap.br\/edicoes\/2025_1\/wp-content\/uploads\/2026\/04\/Berro-2025_1_capa.png&#8221; title_text=&#8221;Berro 2025_1_capa&#8221; _builder_version=&#8221;4.27.4&#8243; _module_preset=&#8221;default&#8221; global_colors_info=&#8221;{}&#8221;][\/et_pb_image][\/et_pb_column][et_pb_column type=&#8221;1_2&#8243; _builder_version=&#8221;4.27.4&#8243; _module_preset=&#8221;default&#8221; global_colors_info=&#8221;{}&#8221;][et_pb_image src=&#8221;https:\/\/oberro.unicap.br\/edicoes\/2025_1\/wp-content\/uploads\/2025\/06\/software-img-01-1.png&#8221; title_text=&#8221;software-img-01-1&#8243; _builder_version=&#8221;4.27.4&#8243; _module_preset=&#8221;default&#8221; hover_enabled=&#8221;0&#8243; global_colors_info=&#8221;{}&#8221; filter_hue_rotate=&#8221;227deg&#8221; filter_saturate=&#8221;60%&#8221; sticky_enabled=&#8221;0&#8243;][\/et_pb_image][et_pb_text _builder_version=&#8221;4.27.4&#8243; _module_preset=&#8221;default&#8221; header_font=&#8221;Yeseva One|700|||||||&#8221; header_text_color=&#8221;#FFFFFF&#8221; header_font_size=&#8221;50px&#8221; header_font_size_tablet=&#8221;100px&#8221; header_font_size_phone=&#8221;50px&#8221; header_font_size_last_edited=&#8221;off|phone&#8221; global_colors_info=&#8221;{}&#8221;]<\/p>\n<h1>O amor est\u00e1 no ar<\/h1>\n<p>[\/et_pb_text][et_pb_text _builder_version=&#8221;4.27.4&#8243; _module_preset=&#8221;default&#8221; text_font=&#8221;Questrial||||||||&#8221; text_font_size=&#8221;24px&#8221; header_text_color=&#8221;#FFFFFF&#8221; background_layout=&#8221;dark&#8221; global_colors_info=&#8221;{}&#8221;]<\/p>\n<p>Essa edi\u00e7\u00e3o de <strong>O Berro!<\/strong> nasceu do desejo de olhar para essas hist\u00f3rias (rid\u00edculas), muitas vezes escondidas, da vida pequena, de gente comum. Hist\u00f3rias que raramente seriam manchete em qualquer outro ve\u00edculo, que dificilmente ganhariam espa\u00e7o editorial em qualquer outra revista, mas que pra gente n\u00e3o poderiam, jamais, passar despercebidas. S\u00e3o hist\u00f3rias que dizem muito sobre o que somos e sobre o tempo em que estamos vivendo.<\/p>\n<p>[\/et_pb_text][et_pb_button button_url=&#8221;https:\/\/oberro.unicap.br\/edicoes\/2025_1\/wp-content\/uploads\/2026\/04\/Berro%202025_1.pdf&#8221; url_new_window=&#8221;on&#8221; button_text=&#8221;Baixe o pdf&#8221; _builder_version=&#8221;4.27.4&#8243; _module_preset=&#8221;default&#8221; custom_button=&#8221;on&#8221; button_text_size=&#8221;24px&#8221; button_text_color=&#8221;#FFFFFF&#8221; button_bg_color=&#8221;gcid-58e0d354-ce45-46c7-bc91-d31a5a27ad80&#8243; button_border_width=&#8221;2px&#8221; button_border_color=&#8221;#000000&#8243; button_border_radius=&#8221;0px&#8221; button_font=&#8221;&#8211;et_global_heading_font||||||||&#8221; background_layout=&#8221;dark&#8221; global_colors_info=&#8221;{%22gcid-58e0d354-ce45-46c7-bc91-d31a5a27ad80%22:%91%22button_bg_color%22%93}&#8221;][\/et_pb_button][\/et_pb_column][\/et_pb_row][\/et_pb_section][et_pb_section fb_built=&#8221;1&#8243; _builder_version=&#8221;4.27.4&#8243; _module_preset=&#8221;default&#8221; background_color=&#8221;gcid-a615aa9a-602c-48ae-b9c0-c5a99562d9b1&#8243; background_image=&#8221;https:\/\/oberro.unicap.br\/edicoes\/2025_1\/wp-content\/uploads\/2025\/06\/software-img-09.png&#8221; background_size=&#8221;initial&#8221; background_blend=&#8221;color-burn&#8221; global_colors_info=&#8221;{%22gcid-a615aa9a-602c-48ae-b9c0-c5a99562d9b1%22:%91%22background_color%22%93}&#8221;][et_pb_row _builder_version=&#8221;4.27.4&#8243; _module_preset=&#8221;default&#8221; vertical_offset=&#8221;230px&#8221; width=&#8221;100%&#8221; max_width=&#8221;2560px&#8221; custom_margin=&#8221;-230px||||false|false&#8221; global_colors_info=&#8221;{}&#8221;][et_pb_column type=&#8221;4_4&#8243; _builder_version=&#8221;4.27.4&#8243; _module_preset=&#8221;default&#8221; global_colors_info=&#8221;{}&#8221;][et_pb_image src=&#8221;https:\/\/oberro.unicap.br\/edicoes\/2025_1\/wp-content\/uploads\/2025\/06\/seta.png&#8221; title_text=&#8221;seta&#8221; _builder_version=&#8221;4.27.4&#8243; _module_preset=&#8221;default&#8221; width=&#8221;20%&#8221; global_colors_info=&#8221;{}&#8221;][\/et_pb_image][\/et_pb_column][\/et_pb_row][et_pb_row _builder_version=&#8221;4.27.4&#8243; _module_preset=&#8221;default&#8221; global_colors_info=&#8221;{}&#8221;][et_pb_column type=&#8221;4_4&#8243; _builder_version=&#8221;4.27.4&#8243; _module_preset=&#8221;default&#8221; global_colors_info=&#8221;{}&#8221;][et_pb_blog fullwidth=&#8221;off&#8221; posts_number=&#8221;9&#8243; include_categories=&#8221;all&#8221; use_manual_excerpt=&#8221;off&#8221; show_date=&#8221;off&#8221; show_categories=&#8221;off&#8221; show_pagination=&#8221;off&#8221; _builder_version=&#8221;4.27.4&#8243; _module_preset=&#8221;default&#8221; header_font_size=&#8221;30px&#8221; meta_text_color=&#8221;gcid-58e0d354-ce45-46c7-bc91-d31a5a27ad80&#8243; meta_font_size=&#8221;15px&#8221; background_enable_color=&#8221;off&#8221; border_width_all=&#8221;2px&#8221; border_color_all=&#8221;#000000&#8243; box_shadow_style=&#8221;preset4&#8243; box_shadow_color=&#8221;rgba(0,0,0,0.1)&#8221; global_colors_info=&#8221;{%22gcid-58e0d354-ce45-46c7-bc91-d31a5a27ad80%22:%91%22background_color%22,%22meta_text_color%22%93}&#8221;][\/et_pb_blog][et_pb_button button_url=&#8221;@ET-DC@eyJkeW5hbWljIjp0cnVlLCJjb250ZW50IjoicG9zdF9saW5rX3VybF9wYWdlIiwic2V0dGluZ3MiOnsicG9zdF9pZCI6IjM2NCJ9fQ==@&#8221; button_text=&#8221;Ler todas as mat\u00e9rias&#8221; button_alignment=&#8221;center&#8221; _builder_version=&#8221;4.27.4&#8243; _dynamic_attributes=&#8221;button_url&#8221; _module_preset=&#8221;94ef7aca-dcd9-4f9d-93b2-efa3466cebc7&#8243; custom_button=&#8221;on&#8221; button_text_size=&#8221;16px&#8221; button_text_color=&#8221;#000000&#8243; button_bg_color=&#8221;gcid-secondary-color&#8221; button_border_width=&#8221;4px&#8221; button_border_color=&#8221;#000000&#8243; button_border_radius=&#8221;10px&#8221; button_font=&#8221;Archivo|800||on|||||&#8221; custom_padding=&#8221;15px|35px|15px|35px|true|true&#8221; box_shadow_style=&#8221;preset4&#8243; box_shadow_horizontal=&#8221;6px&#8221; box_shadow_vertical=&#8221;6px&#8221; box_shadow_color=&#8221;#000000&#8243; locked=&#8221;off&#8221; global_colors_info=&#8221;{%22gcid-secondary-color%22:%91%22button_bg_color%22%93}&#8221;][\/et_pb_button][\/et_pb_column][\/et_pb_row][\/et_pb_section]<\/p>\n","protected":false},"excerpt":{"rendered":"<p>O amor est\u00e1 no arEssa edi\u00e7\u00e3o de O Berro! nasceu do desejo de olhar para essas hist\u00f3rias (rid\u00edculas), muitas vezes escondidas, da vida pequena, de gente comum. Hist\u00f3rias que raramente seriam manchete em qualquer outro ve\u00edculo, que dificilmente ganhariam espa\u00e7o editorial em qualquer outra revista, mas que pra gente n\u00e3o poderiam, jamais, passar despercebidas. S\u00e3o [&hellip;]<\/p>\n","protected":false},"author":1,"featured_media":0,"parent":0,"menu_order":0,"comment_status":"closed","ping_status":"closed","template":"","meta":{"_et_pb_use_builder":"on","_et_pb_old_content":"","_et_gb_content_width":"","footnotes":""},"class_list":["post-80","page","type-page","status-publish","hentry"],"_links":{"self":[{"href":"https:\/\/oberro.unicap.br\/edicoes\/2025_1\/index.php?rest_route=\/wp\/v2\/pages\/80","targetHints":{"allow":["GET"]}}],"collection":[{"href":"https:\/\/oberro.unicap.br\/edicoes\/2025_1\/index.php?rest_route=\/wp\/v2\/pages"}],"about":[{"href":"https:\/\/oberro.unicap.br\/edicoes\/2025_1\/index.php?rest_route=\/wp\/v2\/types\/page"}],"author":[{"embeddable":true,"href":"https:\/\/oberro.unicap.br\/edicoes\/2025_1\/index.php?rest_route=\/wp\/v2\/users\/1"}],"replies":[{"embeddable":true,"href":"https:\/\/oberro.unicap.br\/edicoes\/2025_1\/index.php?rest_route=%2Fwp%2Fv2%2Fcomments&post=80"}],"version-history":[{"count":32,"href":"https:\/\/oberro.unicap.br\/edicoes\/2025_1\/index.php?rest_route=\/wp\/v2\/pages\/80\/revisions"}],"predecessor-version":[{"id":384,"href":"https:\/\/oberro.unicap.br\/edicoes\/2025_1\/index.php?rest_route=\/wp\/v2\/pages\/80\/revisions\/384"}],"wp:attachment":[{"href":"https:\/\/oberro.unicap.br\/edicoes\/2025_1\/index.php?rest_route=%2Fwp%2Fv2%2Fmedia&parent=80"}],"curies":[{"name":"wp","href":"https:\/\/api.w.org\/{rel}","templated":true}]}}